{"id":7763,"date":"2024-02-19T11:52:03","date_gmt":"2024-02-19T10:52:03","guid":{"rendered":"https:\/\/www.imbv.es\/reservar-cita\/"},"modified":"2026-02-27T11:14:28","modified_gmt":"2026-02-27T10:14:28","slug":"reservar-cita","status":"publish","type":"page","link":"http:\/\/www.imbv.es\/ca\/reservar-cita\/","title":{"rendered":"Reservar cita"},"content":{"rendered":"","protected":false},"excerpt":{"rendered":"<p> [&#8230;]<\/p>\n<p><a class=\"btn btn-secondary understrap-read-more-link\" href=\"http:\/\/www.imbv.es\/ca\/reservar-cita\/\">Continua llegint&#8230;<span class=\"screen-reader-text\"> from Reservar cita<\/span><\/a><\/p>\n","protected":false},"author":1,"featured_media":0,"parent":0,"menu_order":0,"comment_status":"closed","ping_status":"closed","template":"page-templates\/book-page.php","meta":{"_acf_changed":false,"footnotes":""},"class_list":["post-7763","page","type-page","status-publish","hentry"],"acf":[],"yoast_head":"<!-- This site is optimized with the Yoast SEO plugin v27.0 - https:\/\/yoast.com\/product\/yoast-seo-wordpress\/ -->\n<title>Reservar cita - Institut M\u00e8dic Baix Vall\u00e8s<\/title>\n<meta name=\"description\" content=\"Reserva la teva cita online de forma r\u00e0pida, c\u00f2moda i segura al centre m\u00e8dic Institut M\u00e8dic Baix Vall\u00e8s a Mollet del Vall\u00e8s.\" \/>\n<meta name=\"robots\" content=\"index, follow, max-snippet:-1, max-image-preview:large, max-video-preview:-1\" \/>\n<link rel=\"canonical\" href=\"http:\/\/www.imbv.es\/ca\/reservar-cita\/\" \/>\n<meta property=\"og:locale\" content=\"ca_ES\" \/>\n<meta property=\"og:type\" content=\"article\" \/>\n<meta property=\"og:title\" content=\"Reservar cita - Institut M\u00e8dic Baix Vall\u00e8s\" \/>\n<meta property=\"og:description\" content=\"Reserva la teva cita online de forma r\u00e0pida, c\u00f2moda i segura al centre m\u00e8dic Institut M\u00e8dic Baix Vall\u00e8s a Mollet del Vall\u00e8s.\" \/>\n<meta property=\"og:url\" content=\"http:\/\/www.imbv.es\/ca\/reservar-cita\/\" \/>\n<meta property=\"og:site_name\" content=\"Institut M\u00e8dic Baix Vall\u00e8s\" \/>\n<meta property=\"article:modified_time\" content=\"2026-02-27T10:14:28+00:00\" \/>\n<meta name=\"twitter:card\" content=\"summary_large_image\" \/>\n<script type=\"application\/ld+json\" class=\"yoast-schema-graph\">{\"@context\":\"https:\/\/schema.org\",\"@graph\":[{\"@type\":\"WebPage\",\"@id\":\"http:\/\/www.imbv.es\/ca\/reservar-cita\/\",\"url\":\"http:\/\/www.imbv.es\/ca\/reservar-cita\/\",\"name\":\"Reservar cita - Institut M\u00e8dic Baix Vall\u00e8s\",\"isPartOf\":{\"@id\":\"http:\/\/www.imbv.es\/ca\/#website\"},\"datePublished\":\"2024-02-19T10:52:03+00:00\",\"dateModified\":\"2026-02-27T10:14:28+00:00\",\"description\":\"Reserva la teva cita online de forma r\u00e0pida, c\u00f2moda i segura al centre m\u00e8dic Institut M\u00e8dic Baix Vall\u00e8s a Mollet del Vall\u00e8s.\",\"breadcrumb\":{\"@id\":\"http:\/\/www.imbv.es\/ca\/reservar-cita\/#breadcrumb\"},\"inLanguage\":\"ca\",\"potentialAction\":[{\"@type\":\"ReadAction\",\"target\":[\"http:\/\/www.imbv.es\/ca\/reservar-cita\/\"]}]},{\"@type\":\"BreadcrumbList\",\"@id\":\"http:\/\/www.imbv.es\/ca\/reservar-cita\/#breadcrumb\",\"itemListElement\":[{\"@type\":\"ListItem\",\"position\":1,\"name\":\"Portada\",\"item\":\"http:\/\/www.imbv.es\/ca\/\"},{\"@type\":\"ListItem\",\"position\":2,\"name\":\"Reservar cita\"}]},{\"@type\":\"WebSite\",\"@id\":\"http:\/\/www.imbv.es\/ca\/#website\",\"url\":\"http:\/\/www.imbv.es\/ca\/\",\"name\":\"IMBV\",\"description\":\"Centro m\u00e9dico IMBV en Mollet del Vall\u00e8s\",\"publisher\":{\"@id\":\"http:\/\/www.imbv.es\/ca\/#organization\"},\"potentialAction\":[{\"@type\":\"SearchAction\",\"target\":{\"@type\":\"EntryPoint\",\"urlTemplate\":\"http:\/\/www.imbv.es\/ca\/?s={search_term_string}\"},\"query-input\":{\"@type\":\"PropertyValueSpecification\",\"valueRequired\":true,\"valueName\":\"search_term_string\"}}],\"inLanguage\":\"ca\"},{\"@type\":\"Organization\",\"@id\":\"http:\/\/www.imbv.es\/ca\/#organization\",\"name\":\"Institut m\u00e8dic baix vall\u00e8s\",\"url\":\"http:\/\/www.imbv.es\/ca\/\",\"logo\":{\"@type\":\"ImageObject\",\"inLanguage\":\"ca\",\"@id\":\"http:\/\/www.imbv.es\/ca\/#\/schema\/logo\/image\/\",\"url\":\"http:\/\/imbv.es\/wp-content\/uploads\/2024\/02\/image-FR9zhBDai-transformed-e1708339638210.png\",\"contentUrl\":\"http:\/\/imbv.es\/wp-content\/uploads\/2024\/02\/image-FR9zhBDai-transformed-e1708339638210.png\",\"width\":460,\"height\":278,\"caption\":\"Institut m\u00e8dic baix vall\u00e8s\"},\"image\":{\"@id\":\"http:\/\/www.imbv.es\/ca\/#\/schema\/logo\/image\/\"}}]}<\/script>\n<!-- \/ Yoast SEO plugin. -->","yoast_head_json":{"title":"Reservar cita - Institut M\u00e8dic Baix Vall\u00e8s","description":"Reserva la teva cita online de forma r\u00e0pida, c\u00f2moda i segura al centre m\u00e8dic Institut M\u00e8dic Baix Vall\u00e8s a Mollet del Vall\u00e8s.","robots":{"index":"index","follow":"follow","max-snippet":"max-snippet:-1","max-image-preview":"max-image-preview:large","max-video-preview":"max-video-preview:-1"},"canonical":"http:\/\/www.imbv.es\/ca\/reservar-cita\/","og_locale":"ca_ES","og_type":"article","og_title":"Reservar cita - Institut M\u00e8dic Baix Vall\u00e8s","og_description":"Reserva la teva cita online de forma r\u00e0pida, c\u00f2moda i segura al centre m\u00e8dic Institut M\u00e8dic Baix Vall\u00e8s a Mollet del Vall\u00e8s.","og_url":"http:\/\/www.imbv.es\/ca\/reservar-cita\/","og_site_name":"Institut M\u00e8dic Baix Vall\u00e8s","article_modified_time":"2026-02-27T10:14:28+00:00","twitter_card":"summary_large_image","schema":{"@context":"https:\/\/schema.org","@graph":[{"@type":"WebPage","@id":"http:\/\/www.imbv.es\/ca\/reservar-cita\/","url":"http:\/\/www.imbv.es\/ca\/reservar-cita\/","name":"Reservar cita - Institut M\u00e8dic Baix Vall\u00e8s","isPartOf":{"@id":"http:\/\/www.imbv.es\/ca\/#website"},"datePublished":"2024-02-19T10:52:03+00:00","dateModified":"2026-02-27T10:14:28+00:00","description":"Reserva la teva cita online de forma r\u00e0pida, c\u00f2moda i segura al centre m\u00e8dic Institut M\u00e8dic Baix Vall\u00e8s a Mollet del Vall\u00e8s.","breadcrumb":{"@id":"http:\/\/www.imbv.es\/ca\/reservar-cita\/#breadcrumb"},"inLanguage":"ca","potentialAction":[{"@type":"ReadAction","target":["http:\/\/www.imbv.es\/ca\/reservar-cita\/"]}]},{"@type":"BreadcrumbList","@id":"http:\/\/www.imbv.es\/ca\/reservar-cita\/#breadcrumb","itemListElement":[{"@type":"ListItem","position":1,"name":"Portada","item":"http:\/\/www.imbv.es\/ca\/"},{"@type":"ListItem","position":2,"name":"Reservar cita"}]},{"@type":"WebSite","@id":"http:\/\/www.imbv.es\/ca\/#website","url":"http:\/\/www.imbv.es\/ca\/","name":"IMBV","description":"Centro m\u00e9dico IMBV en Mollet del Vall\u00e8s","publisher":{"@id":"http:\/\/www.imbv.es\/ca\/#organization"},"potentialAction":[{"@type":"SearchAction","target":{"@type":"EntryPoint","urlTemplate":"http:\/\/www.imbv.es\/ca\/?s={search_term_string}"},"query-input":{"@type":"PropertyValueSpecification","valueRequired":true,"valueName":"search_term_string"}}],"inLanguage":"ca"},{"@type":"Organization","@id":"http:\/\/www.imbv.es\/ca\/#organization","name":"Institut m\u00e8dic baix vall\u00e8s","url":"http:\/\/www.imbv.es\/ca\/","logo":{"@type":"ImageObject","inLanguage":"ca","@id":"http:\/\/www.imbv.es\/ca\/#\/schema\/logo\/image\/","url":"http:\/\/imbv.es\/wp-content\/uploads\/2024\/02\/image-FR9zhBDai-transformed-e1708339638210.png","contentUrl":"http:\/\/imbv.es\/wp-content\/uploads\/2024\/02\/image-FR9zhBDai-transformed-e1708339638210.png","width":460,"height":278,"caption":"Institut m\u00e8dic baix vall\u00e8s"},"image":{"@id":"http:\/\/www.imbv.es\/ca\/#\/schema\/logo\/image\/"}}]}},"_links":{"self":[{"href":"http:\/\/www.imbv.es\/ca\/wp-json\/wp\/v2\/pages\/7763","targetHints":{"allow":["GET"]}}],"collection":[{"href":"http:\/\/www.imbv.es\/ca\/wp-json\/wp\/v2\/pages"}],"about":[{"href":"http:\/\/www.imbv.es\/ca\/wp-json\/wp\/v2\/types\/page"}],"author":[{"embeddable":true,"href":"http:\/\/www.imbv.es\/ca\/wp-json\/wp\/v2\/users\/1"}],"replies":[{"embeddable":true,"href":"http:\/\/www.imbv.es\/ca\/wp-json\/wp\/v2\/comments?post=7763"}],"version-history":[{"count":1,"href":"http:\/\/www.imbv.es\/ca\/wp-json\/wp\/v2\/pages\/7763\/revisions"}],"predecessor-version":[{"id":7780,"href":"http:\/\/www.imbv.es\/ca\/wp-json\/wp\/v2\/pages\/7763\/revisions\/7780"}],"wp:attachment":[{"href":"http:\/\/www.imbv.es\/ca\/wp-json\/wp\/v2\/media?parent=7763"}],"curies":[{"name":"wp","href":"https:\/\/api.w.org\/{rel}","templated":true}]}}