{"id":7738,"date":"2013-04-23T08:11:30","date_gmt":"2013-04-23T06:11:30","guid":{"rendered":"https:\/\/www.imbv.es\/contacte\/"},"modified":"2026-02-27T10:45:14","modified_gmt":"2026-02-27T09:45:14","slug":"contacte","status":"publish","type":"page","link":"http:\/\/www.imbv.es\/ca\/contacte\/","title":{"rendered":"Contacte"},"content":{"rendered":"","protected":false},"excerpt":{"rendered":"<p> [&#8230;]<\/p>\n<p><a class=\"btn btn-secondary understrap-read-more-link\" href=\"http:\/\/www.imbv.es\/ca\/contacte\/\">Continua llegint&#8230;<span class=\"screen-reader-text\"> from Contacte<\/span><\/a><\/p>\n","protected":false},"author":1,"featured_media":0,"parent":0,"menu_order":0,"comment_status":"open","ping_status":"open","template":"page-templates\/contact-page.php","meta":{"_acf_changed":false,"footnotes":""},"class_list":["post-7738","page","type-page","status-publish","hentry"],"acf":[],"yoast_head":"<!-- This site is optimized with the Yoast SEO plugin v27.0 - https:\/\/yoast.com\/product\/yoast-seo-wordpress\/ -->\n<title>Contacte - Institut M\u00e8dic Baix Vall\u00e8s<\/title>\n<meta name=\"description\" content=\"Contacta amb el centre m\u00e8dic a Mollet del Vall\u00e8s, Institut M\u00e8dic Baix Vall\u00e8s, a trav\u00e9s del tel\u00e8fon, a l&#039;adre\u00e7a o el formulari.\" \/>\n<meta name=\"robots\" content=\"index, follow, max-snippet:-1, max-image-preview:large, max-video-preview:-1\" \/>\n<link rel=\"canonical\" href=\"http:\/\/www.imbv.es\/ca\/contacte\/\" \/>\n<meta property=\"og:locale\" content=\"ca_ES\" \/>\n<meta property=\"og:type\" content=\"article\" \/>\n<meta property=\"og:title\" content=\"Contacte - Institut M\u00e8dic Baix Vall\u00e8s\" \/>\n<meta property=\"og:description\" content=\"Contacta amb el centre m\u00e8dic a Mollet del Vall\u00e8s, Institut M\u00e8dic Baix Vall\u00e8s, a trav\u00e9s del tel\u00e8fon, a l&#039;adre\u00e7a o el formulari.\" \/>\n<meta property=\"og:url\" content=\"http:\/\/www.imbv.es\/ca\/contacte\/\" \/>\n<meta property=\"og:site_name\" content=\"Institut M\u00e8dic Baix Vall\u00e8s\" \/>\n<meta property=\"article:modified_time\" content=\"2026-02-27T09:45:14+00:00\" \/>\n<meta name=\"twitter:card\" content=\"summary_large_image\" \/>\n<script type=\"application\/ld+json\" class=\"yoast-schema-graph\">{\"@context\":\"https:\/\/schema.org\",\"@graph\":[{\"@type\":\"WebPage\",\"@id\":\"http:\/\/www.imbv.es\/ca\/contacte\/\",\"url\":\"http:\/\/www.imbv.es\/ca\/contacte\/\",\"name\":\"Contacte - Institut M\u00e8dic Baix Vall\u00e8s\",\"isPartOf\":{\"@id\":\"http:\/\/www.imbv.es\/ca\/#website\"},\"datePublished\":\"2013-04-23T06:11:30+00:00\",\"dateModified\":\"2026-02-27T09:45:14+00:00\",\"description\":\"Contacta amb el centre m\u00e8dic a Mollet del Vall\u00e8s, Institut M\u00e8dic Baix Vall\u00e8s, a trav\u00e9s del tel\u00e8fon, a l'adre\u00e7a o el formulari.\",\"breadcrumb\":{\"@id\":\"http:\/\/www.imbv.es\/ca\/contacte\/#breadcrumb\"},\"inLanguage\":\"ca\",\"potentialAction\":[{\"@type\":\"ReadAction\",\"target\":[\"http:\/\/www.imbv.es\/ca\/contacte\/\"]}]},{\"@type\":\"BreadcrumbList\",\"@id\":\"http:\/\/www.imbv.es\/ca\/contacte\/#breadcrumb\",\"itemListElement\":[{\"@type\":\"ListItem\",\"position\":1,\"name\":\"Portada\",\"item\":\"http:\/\/www.imbv.es\/ca\/\"},{\"@type\":\"ListItem\",\"position\":2,\"name\":\"Contacte\"}]},{\"@type\":\"WebSite\",\"@id\":\"http:\/\/www.imbv.es\/ca\/#website\",\"url\":\"http:\/\/www.imbv.es\/ca\/\",\"name\":\"IMBV\",\"description\":\"Centro m\u00e9dico IMBV en Mollet del Vall\u00e8s\",\"publisher\":{\"@id\":\"http:\/\/www.imbv.es\/ca\/#organization\"},\"potentialAction\":[{\"@type\":\"SearchAction\",\"target\":{\"@type\":\"EntryPoint\",\"urlTemplate\":\"http:\/\/www.imbv.es\/ca\/?s={search_term_string}\"},\"query-input\":{\"@type\":\"PropertyValueSpecification\",\"valueRequired\":true,\"valueName\":\"search_term_string\"}}],\"inLanguage\":\"ca\"},{\"@type\":\"Organization\",\"@id\":\"http:\/\/www.imbv.es\/ca\/#organization\",\"name\":\"Institut m\u00e8dic baix vall\u00e8s\",\"url\":\"http:\/\/www.imbv.es\/ca\/\",\"logo\":{\"@type\":\"ImageObject\",\"inLanguage\":\"ca\",\"@id\":\"http:\/\/www.imbv.es\/ca\/#\/schema\/logo\/image\/\",\"url\":\"http:\/\/imbv.es\/wp-content\/uploads\/2024\/02\/image-FR9zhBDai-transformed-e1708339638210.png\",\"contentUrl\":\"http:\/\/imbv.es\/wp-content\/uploads\/2024\/02\/image-FR9zhBDai-transformed-e1708339638210.png\",\"width\":460,\"height\":278,\"caption\":\"Institut m\u00e8dic baix vall\u00e8s\"},\"image\":{\"@id\":\"http:\/\/www.imbv.es\/ca\/#\/schema\/logo\/image\/\"}}]}<\/script>\n<!-- \/ Yoast SEO plugin. -->","yoast_head_json":{"title":"Contacte - Institut M\u00e8dic Baix Vall\u00e8s","description":"Contacta amb el centre m\u00e8dic a Mollet del Vall\u00e8s, Institut M\u00e8dic Baix Vall\u00e8s, a trav\u00e9s del tel\u00e8fon, a l'adre\u00e7a o el formulari.","robots":{"index":"index","follow":"follow","max-snippet":"max-snippet:-1","max-image-preview":"max-image-preview:large","max-video-preview":"max-video-preview:-1"},"canonical":"http:\/\/www.imbv.es\/ca\/contacte\/","og_locale":"ca_ES","og_type":"article","og_title":"Contacte - Institut M\u00e8dic Baix Vall\u00e8s","og_description":"Contacta amb el centre m\u00e8dic a Mollet del Vall\u00e8s, Institut M\u00e8dic Baix Vall\u00e8s, a trav\u00e9s del tel\u00e8fon, a l'adre\u00e7a o el formulari.","og_url":"http:\/\/www.imbv.es\/ca\/contacte\/","og_site_name":"Institut M\u00e8dic Baix Vall\u00e8s","article_modified_time":"2026-02-27T09:45:14+00:00","twitter_card":"summary_large_image","schema":{"@context":"https:\/\/schema.org","@graph":[{"@type":"WebPage","@id":"http:\/\/www.imbv.es\/ca\/contacte\/","url":"http:\/\/www.imbv.es\/ca\/contacte\/","name":"Contacte - Institut M\u00e8dic Baix Vall\u00e8s","isPartOf":{"@id":"http:\/\/www.imbv.es\/ca\/#website"},"datePublished":"2013-04-23T06:11:30+00:00","dateModified":"2026-02-27T09:45:14+00:00","description":"Contacta amb el centre m\u00e8dic a Mollet del Vall\u00e8s, Institut M\u00e8dic Baix Vall\u00e8s, a trav\u00e9s del tel\u00e8fon, a l'adre\u00e7a o el formulari.","breadcrumb":{"@id":"http:\/\/www.imbv.es\/ca\/contacte\/#breadcrumb"},"inLanguage":"ca","potentialAction":[{"@type":"ReadAction","target":["http:\/\/www.imbv.es\/ca\/contacte\/"]}]},{"@type":"BreadcrumbList","@id":"http:\/\/www.imbv.es\/ca\/contacte\/#breadcrumb","itemListElement":[{"@type":"ListItem","position":1,"name":"Portada","item":"http:\/\/www.imbv.es\/ca\/"},{"@type":"ListItem","position":2,"name":"Contacte"}]},{"@type":"WebSite","@id":"http:\/\/www.imbv.es\/ca\/#website","url":"http:\/\/www.imbv.es\/ca\/","name":"IMBV","description":"Centro m\u00e9dico IMBV en Mollet del Vall\u00e8s","publisher":{"@id":"http:\/\/www.imbv.es\/ca\/#organization"},"potentialAction":[{"@type":"SearchAction","target":{"@type":"EntryPoint","urlTemplate":"http:\/\/www.imbv.es\/ca\/?s={search_term_string}"},"query-input":{"@type":"PropertyValueSpecification","valueRequired":true,"valueName":"search_term_string"}}],"inLanguage":"ca"},{"@type":"Organization","@id":"http:\/\/www.imbv.es\/ca\/#organization","name":"Institut m\u00e8dic baix vall\u00e8s","url":"http:\/\/www.imbv.es\/ca\/","logo":{"@type":"ImageObject","inLanguage":"ca","@id":"http:\/\/www.imbv.es\/ca\/#\/schema\/logo\/image\/","url":"http:\/\/imbv.es\/wp-content\/uploads\/2024\/02\/image-FR9zhBDai-transformed-e1708339638210.png","contentUrl":"http:\/\/imbv.es\/wp-content\/uploads\/2024\/02\/image-FR9zhBDai-transformed-e1708339638210.png","width":460,"height":278,"caption":"Institut m\u00e8dic baix vall\u00e8s"},"image":{"@id":"http:\/\/www.imbv.es\/ca\/#\/schema\/logo\/image\/"}}]}},"_links":{"self":[{"href":"http:\/\/www.imbv.es\/ca\/wp-json\/wp\/v2\/pages\/7738","targetHints":{"allow":["GET"]}}],"collection":[{"href":"http:\/\/www.imbv.es\/ca\/wp-json\/wp\/v2\/pages"}],"about":[{"href":"http:\/\/www.imbv.es\/ca\/wp-json\/wp\/v2\/types\/page"}],"author":[{"embeddable":true,"href":"http:\/\/www.imbv.es\/ca\/wp-json\/wp\/v2\/users\/1"}],"replies":[{"embeddable":true,"href":"http:\/\/www.imbv.es\/ca\/wp-json\/wp\/v2\/comments?post=7738"}],"version-history":[{"count":1,"href":"http:\/\/www.imbv.es\/ca\/wp-json\/wp\/v2\/pages\/7738\/revisions"}],"predecessor-version":[{"id":7788,"href":"http:\/\/www.imbv.es\/ca\/wp-json\/wp\/v2\/pages\/7738\/revisions\/7788"}],"wp:attachment":[{"href":"http:\/\/www.imbv.es\/ca\/wp-json\/wp\/v2\/media?parent=7738"}],"curies":[{"name":"wp","href":"https:\/\/api.w.org\/{rel}","templated":true}]}}